{"id":6324,"date":"2022-01-29T15:52:24","date_gmt":"2022-01-29T14:52:24","guid":{"rendered":"https:\/\/ancestrallyhealthy.com\/ruckgaben\/"},"modified":"2023-10-08T16:24:30","modified_gmt":"2023-10-08T14:24:30","slug":"ruckgaben","status":"publish","type":"page","link":"https:\/\/ancestrallyhealthy.com\/de\/ruckgaben\/","title":{"rendered":"R\u00fcckgaberegelung"},"content":{"rendered":"<p><strong><em>Ich m\u00f6chte sicherstellen, dass auch wenn wir uns hier nicht pers\u00f6nlich sehen, Vertrauen herrscht. <\/em><\/strong>Denn mal ehrlich, wir alle kennen die wilde Welt des Onlinehandels &#8211; manche Dinge sind ganz anders als erwartet, andere passen einfach nicht.<\/p><p>Mein Ziel mit allem, was ich tue und jedem Produkt, dass ich ver\u00f6ffentliche, ist es Nutzen zu bringen in Form von anwendbaren Wissen und wertigen Informationen. Damit es Dir im Endeffekt besser geht, Du aktiver bist, mehr Energie hast, und Dich vitaler f\u00fchlst. Denn das ist das ultimative Ziel.<\/p><p>Darum garantiere ich Dir mein bestes zu geben und dass jedwedes Wissen mir selbst viel geholfen hat und ich fest daran glaube dass es Dir auch hilft.<\/p><div style=\"height:100px\" aria-hidden=\"true\" class=\"wp-block-spacer\"><\/div><h2 class=\"wp-block-heading has-text-align-center\" id=\"what-you-should-do-first\"><span style=\"text-decoration: underline;\">Was Du als Erstes tun solltest<\/span><\/h2><p>Dennoch kann ein einziger Ansatz, ein einziges Produkt nicht optimal auf jeden individuell zugeschnitten sein. Falls daher Probleme auftreten, <a href=\"https:\/\/ancestrallyhealthy.com\/kontakt\/\" data-type=\"page\" data-id=\"959\">kontaktiere mich <\/a>gerne:<\/p><ul class=\"wp-block-list\"><li>Checke das erworbene Produkt als allererstes aus. Pr\u00fcfe ob es Deine Erwartungen erf\u00fcllt.<\/li>\n\n<li>Kontakiere mich f\u00fcr jedwede technische Probleme die auftreten k\u00f6nnen.<\/li>\n\n<li>Ich verspreche Dir, dass wir eine L\u00f6sung ausarbeiten. Sollte nichts helfen erh\u00e4lst Du Dein Geld zur\u00fcck innerhalb 30 Tage nach dem R\u00fccktausch, solange die Fristen g\u00fcltig sind.<\/li><\/ul><div style=\"height:100px\" aria-hidden=\"true\" class=\"wp-block-spacer\"><\/div><h2 class=\"wp-block-heading has-text-align-center\" id=\"cases-in-that-a-refund-is-not-possible\"><span style=\"text-decoration: underline;\">F\u00e4lle in denen ein R\u00fccktausch nicht m\u00f6glich ist<\/span><\/h2><p>Auch wenn ich mein Bestes gebe Dir zu helfen alles passend zu machen, gibt es F\u00e4lle, in denen ich <em>keine <\/em>R\u00fcckgabe erstatten kann:<\/p><ul class=\"wp-block-list\"><li>Du bist pleite &#8211; ooops. Lern draus. Nichts kaufen, wenn die Kreditkarte bereits am Limit ist. <\/li>\n\n<li>Ich &#8218;verstehe das Gelehrte nicht&#8216; oder &#8218;kann nichts damit anfangen&#8216;. Lernen ist Arbeit und braucht Zeit.<\/li>\n\n<li>Dein Wissen &#8218;bringt mir nichts&#8216;. Gib ihm Zeit und wende es an. Es klappt, versprochen. Rom wurde auch nicht in einem Tag erbaut und Deine momentane Lage hat auch bereits ein paar Tausend Tage an Historie.<\/li>\n\n<li>Du hast die <strong>R\u00fccktauschfrist von 30 Tagen \u00fcberschritten.<\/strong><\/li><\/ul>","protected":false},"excerpt":{"rendered":"<p>Ich m\u00f6chte sicherstellen, dass auch wenn wir uns hier nicht pers\u00f6nlich sehen, Vertrauen herrscht. Denn mal ehrlich, wir alle kennen die wilde Welt des Onlinehandels &#8211; manche Dinge sind ganz anders als erwartet, andere passen einfach nicht. Mein Ziel mit allem, was ich tue und jedem Produkt, dass ich ver\u00f6ffentliche, ist es Nutzen zu bringen in Form von anwendbaren Wissen und wertigen Informationen. Damit es&#8230; <\/p>\n<p class=\"more\"><a class=\"more-link\" href=\"https:\/\/ancestrallyhealthy.com\/de\/ruckgaben\/\">Weiter lesen<\/a><\/p>\n","protected":false},"author":1,"featured_media":0,"parent":0,"menu_order":0,"comment_status":"closed","ping_status":"closed","template":"","meta":{"footnotes":""},"class_list":["post-6324","page","type-page","status-publish","hentry","is-cat-link-solid-light is-cat-link-rounded"],"_links":{"self":[{"href":"https:\/\/ancestrallyhealthy.com\/de\/wp-json\/wp\/v2\/pages\/6324","targetHints":{"allow":["GET"]}}],"collection":[{"href":"https:\/\/ancestrallyhealthy.com\/de\/wp-json\/wp\/v2\/pages"}],"about":[{"href":"https:\/\/ancestrallyhealthy.com\/de\/wp-json\/wp\/v2\/types\/page"}],"author":[{"embeddable":true,"href":"https:\/\/ancestrallyhealthy.com\/de\/wp-json\/wp\/v2\/users\/1"}],"replies":[{"embeddable":true,"href":"https:\/\/ancestrallyhealthy.com\/de\/wp-json\/wp\/v2\/comments?post=6324"}],"version-history":[{"count":0,"href":"https:\/\/ancestrallyhealthy.com\/de\/wp-json\/wp\/v2\/pages\/6324\/revisions"}],"wp:attachment":[{"href":"https:\/\/ancestrallyhealthy.com\/de\/wp-json\/wp\/v2\/media?parent=6324"}],"curies":[{"name":"wp","href":"https:\/\/api.w.org\/{rel}","templated":true}]}}